{"id":69,"date":"2017-02-27T14:54:33","date_gmt":"2017-02-27T13:54:33","guid":{"rendered":"http:\/\/prendre-du-poids.com\/?page_id=69"},"modified":"2018-05-23T14:04:30","modified_gmt":"2018-05-23T12:04:30","slug":"contact","status":"publish","type":"page","link":"https:\/\/prendre-du-poids.com\/?page_id=69","title":{"rendered":"DEMANDE D&rsquo;INFOS"},"content":{"rendered":"<h4><strong>Obtenez des informations personnalis\u00e9es sous 24h00 <\/strong><strong>en remplissant le formulaire ci dessous :<\/strong><\/h4>\n<h4><strong>Ou contactez votre coach, Mr LELIEVRE Alain, par t\u00e9l\u00e9phone \/ SMS au \u00a0<a href=\"tel:0609024207\">06 09 02 42 07<\/a> du lundi au samedi de 09h00 \u00e0 21h00.<\/strong><\/h4>\n<div role=\"form\" class=\"wpcf7\" id=\"wpcf7-f77-o1\" lang=\"fr-FR\" dir=\"ltr\">\n<div class=\"screen-reader-response\"><p role=\"status\" aria-live=\"polite\" aria-atomic=\"true\"><\/p> <ul><\/ul><\/div>\n<form action=\"\/index.php?rest_route=%2Fwp%2Fv2%2Fpages%2F69#wpcf7-f77-o1\" method=\"post\" class=\"wpcf7-form init\" novalidate=\"novalidate\" data-status=\"init\">\n<div style=\"display: none;\">\n<input type=\"hidden\" name=\"_wpcf7\" value=\"77\" \/>\n<input type=\"hidden\" name=\"_wpcf7_version\" value=\"5.5.6.1\" \/>\n<input type=\"hidden\" name=\"_wpcf7_locale\" value=\"fr_FR\" \/>\n<input type=\"hidden\" name=\"_wpcf7_unit_tag\" value=\"wpcf7-f77-o1\" \/>\n<input type=\"hidden\" name=\"_wpcf7_container_post\" value=\"0\" \/>\n<input type=\"hidden\" name=\"_wpcf7_posted_data_hash\" value=\"\" \/>\n<\/div>\n<p><label> Votre nom (obligatoire)<br \/>\n    <span class=\"wpcf7-form-control-wrap your-name\"><input type=\"text\" name=\"your-name\" value=\"\" size=\"40\" class=\"wpcf7-form-control wpcf7-text wpcf7-validates-as-required\" aria-required=\"true\" aria-invalid=\"false\" \/><\/span> <\/label><\/p>\n<p><label> Votre pr\u00e9nom<br \/>\n    <span class=\"wpcf7-form-control-wrap your-prenom\"><input type=\"text\" name=\"your-prenom\" value=\"\" size=\"40\" class=\"wpcf7-form-control wpcf7-text\" aria-invalid=\"false\" \/><\/span> <\/label><\/p>\n<p><label>Votre T\u00e9l\u00e9phone (obligatoire)<br \/>\n<span class=\"wpcf7-form-control-wrap tel-753\"><input type=\"tel\" name=\"tel-753\" value=\"\" size=\"40\" class=\"wpcf7-form-control wpcf7-text wpcf7-tel wpcf7-validates-as-required wpcf7-validates-as-tel\" aria-required=\"true\" aria-invalid=\"false\" \/><\/span><\/label><\/p>\n<p><label> Votre e-mail (obligatoire)<br \/>\n    <span class=\"wpcf7-form-control-wrap your-email\"><input type=\"email\" name=\"your-email\" value=\"\" size=\"40\" class=\"wpcf7-form-control wpcf7-text wpcf7-email wpcf7-validates-as-required wpcf7-validates-as-email\" aria-required=\"true\" aria-invalid=\"false\" \/><\/span> <\/label><\/p>\n<p><label> Votre Objectif et vos questions (n'h\u00e9sitez pas \u00e0 communiquer votre poids et taille)<br \/>\n    <span class=\"wpcf7-form-control-wrap your-message\"><textarea name=\"your-message\" cols=\"40\" rows=\"10\" class=\"wpcf7-form-control wpcf7-textarea\" aria-invalid=\"false\"><\/textarea><\/span> <\/label><\/p>\n<p>Comment avez vous connu notre site?<br \/>\n<span class=\"wpcf7-form-control-wrap menu-230\"><select name=\"menu-230\" class=\"wpcf7-form-control wpcf7-select\" aria-invalid=\"false\"><option value=\"Choisir ici\">Choisir ici<\/option><option value=\"Google\">Google<\/option><option value=\"Facebook\">Facebook<\/option><option value=\"SMS\">SMS<\/option><option value=\"Bing\">Bing<\/option><option value=\"Yahoo!\">Yahoo!<\/option><option value=\"Prospectus\">Prospectus<\/option><option value=\"Autre\">Autre<\/option><\/select><\/span><\/p>\n<p><input type=\"submit\" value=\"Envoyer\" class=\"wpcf7-form-control has-spinner wpcf7-submit\" \/><\/p>\n<div class=\"wpcf7-response-output\" aria-hidden=\"true\"><\/div><\/form><\/div>\n<p>&nbsp;<\/p>\n<p>Vos donn\u00e9es seront trait\u00e9es de mani\u00e8re confidentielle\u00a0et\u00a0ne seront pas transmises\u00a0\u00e0\u00a0des tiers.\u00a0 Elles seront \u00e9galement supprim\u00e9es d\u00e8s que le contact aura \u00e9t\u00e9 \u00e9tabli.<\/p>\n","protected":false},"excerpt":{"rendered":"<p>Obtenez des informations personnalis\u00e9es sous 24h00 en remplissant le formulaire ci dessous : Ou contactez votre coach, Mr LELIEVRE Alain, par t\u00e9l\u00e9phone \/ SMS au \u00a006 09 02 42 07 du lundi au samedi de 09h00 \u00e0 21h00. &nbsp; Vos donn\u00e9es seront trait\u00e9es de mani\u00e8re confidentielle\u00a0et\u00a0ne seront pas transmises\u00a0\u00e0\u00a0des tiers.\u00a0 Elles seront \u00e9galement supprim\u00e9es d\u00e8s [&hellip;]<\/p>\n","protected":false},"author":1,"featured_media":0,"parent":0,"menu_order":4,"comment_status":"closed","ping_status":"closed","template":"","meta":[],"_links":{"self":[{"href":"https:\/\/prendre-du-poids.com\/index.php?rest_route=\/wp\/v2\/pages\/69"}],"collection":[{"href":"https:\/\/prendre-du-poids.com\/index.php?rest_route=\/wp\/v2\/pages"}],"about":[{"href":"https:\/\/prendre-du-poids.com\/index.php?rest_route=\/wp\/v2\/types\/page"}],"author":[{"embeddable":true,"href":"https:\/\/prendre-du-poids.com\/index.php?rest_route=\/wp\/v2\/users\/1"}],"replies":[{"embeddable":true,"href":"https:\/\/prendre-du-poids.com\/index.php?rest_route=%2Fwp%2Fv2%2Fcomments&post=69"}],"version-history":[{"count":21,"href":"https:\/\/prendre-du-poids.com\/index.php?rest_route=\/wp\/v2\/pages\/69\/revisions"}],"predecessor-version":[{"id":668,"href":"https:\/\/prendre-du-poids.com\/index.php?rest_route=\/wp\/v2\/pages\/69\/revisions\/668"}],"wp:attachment":[{"href":"https:\/\/prendre-du-poids.com\/index.php?rest_route=%2Fwp%2Fv2%2Fmedia&parent=69"}],"curies":[{"name":"wp","href":"https:\/\/api.w.org\/{rel}","templated":true}]}}