{"id":104,"date":"2017-02-27T16:11:56","date_gmt":"2017-02-27T15:11:56","guid":{"rendered":"http:\/\/prendre-du-poids.com\/?page_id=104"},"modified":"2017-02-27T16:13:59","modified_gmt":"2017-02-27T15:13:59","slug":"suivi","status":"publish","type":"page","link":"https:\/\/prendre-du-poids.com\/?page_id=104","title":{"rendered":"SUIVI"},"content":{"rendered":"<h2 style=\"text-align: center;\"><span style=\"font-family: arial;\"><img loading=\"lazy\" class=\"alignnone size-medium wp-image-105\" src=\"http:\/\/prendre-du-poids.com\/wp-content\/uploads\/2017\/02\/000000056040-300x200.jpg\" alt=\"\" width=\"300\" height=\"200\" \/><\/span><\/h2>\n<h2 style=\"text-align: center;\"><span style=\"font-family: arial;\">Vos r\u00e9sultats sont tr\u00e8s importants pour nous!<\/span><\/h2>\n<p style=\"text-align: left;\">Nous nous engageons \u00e0 vous satisfaire en vous apportant les meilleurs r\u00e9sultats possibles que vous \u00eates en droit d&rsquo;exiger!<\/p>\n<p style=\"text-align: left;\">Tous nos produits sont garantis 30 JOURS. Le seul risque est d&rsquo;avoir des r\u00e9sultats!<\/p>\n<p style=\"text-align: left;\"><b><span style=\"color: #ff0000;\">Afin d&rsquo;optimiser vos r\u00e9sultats, nous \u00e9tablirons ensemble un suivi personnalis\u00e9 par t\u00e9l\u00e9phone ou e-mail 1 fois par semaine.<\/span><\/b><\/p>\n<p style=\"text-align: left;\">Nous avons besoin d&rsquo;\u00eatre en contact avec vous r\u00e9guli\u00e8rement en particulier le premier mois d&rsquo;utilisation de nos produits pour nous assurer que vous avez correctement compris le mode d&#8217;emploi des produits et surtout pour vous donner des conseils afin d&rsquo;obtenir les meilleurs r\u00e9sultats.<\/p>\n<p style=\"text-align: left;\"><b><\/b>D\u00e8s r\u00e9ception de vos produits, contactez-nous avant de d\u00e9marrer votre programme afin que nous puissions vous conseiller dans l&rsquo;utilisation des produits, et programmer ce suivi ensemble!<\/p>\n<p style=\"text-align: left;\">Votre programme vous sera livr\u00e9 par chronopost (livraison sous 48h00 ouvrables d\u00e8s r\u00e9ception de votre r\u00e8glement)<\/p>\n<h3 style=\"text-align: center;\">Contactez nous pour discuter de votre cas au :<\/h3>\n<h3 style=\"text-align: center;\"><strong>06 09 02 42 07<\/strong><\/h3>\n<h3 style=\"text-align: center;\">ou en remplissant le <a href=\"http:\/\/prendre-du-poids.com\/?page_id=69\">formulaire de contact<\/a><\/h3>\n<p>&nbsp;<\/p>\n","protected":false},"excerpt":{"rendered":"<p>Vos r\u00e9sultats sont tr\u00e8s importants pour nous! Nous nous engageons \u00e0 vous satisfaire en vous apportant les meilleurs r\u00e9sultats possibles que vous \u00eates en droit d&rsquo;exiger! Tous nos produits sont garantis 30 JOURS. Le seul risque est d&rsquo;avoir des r\u00e9sultats! Afin d&rsquo;optimiser vos r\u00e9sultats, nous \u00e9tablirons ensemble un suivi personnalis\u00e9 par t\u00e9l\u00e9phone ou e-mail 1 [&hellip;]<\/p>\n","protected":false},"author":1,"featured_media":0,"parent":0,"menu_order":1,"comment_status":"closed","ping_status":"closed","template":"","meta":[],"_links":{"self":[{"href":"https:\/\/prendre-du-poids.com\/index.php?rest_route=\/wp\/v2\/pages\/104"}],"collection":[{"href":"https:\/\/prendre-du-poids.com\/index.php?rest_route=\/wp\/v2\/pages"}],"about":[{"href":"https:\/\/prendre-du-poids.com\/index.php?rest_route=\/wp\/v2\/types\/page"}],"author":[{"embeddable":true,"href":"https:\/\/prendre-du-poids.com\/index.php?rest_route=\/wp\/v2\/users\/1"}],"replies":[{"embeddable":true,"href":"https:\/\/prendre-du-poids.com\/index.php?rest_route=%2Fwp%2Fv2%2Fcomments&post=104"}],"version-history":[{"count":2,"href":"https:\/\/prendre-du-poids.com\/index.php?rest_route=\/wp\/v2\/pages\/104\/revisions"}],"predecessor-version":[{"id":108,"href":"https:\/\/prendre-du-poids.com\/index.php?rest_route=\/wp\/v2\/pages\/104\/revisions\/108"}],"wp:attachment":[{"href":"https:\/\/prendre-du-poids.com\/index.php?rest_route=%2Fwp%2Fv2%2Fmedia&parent=104"}],"curies":[{"name":"wp","href":"https:\/\/api.w.org\/{rel}","templated":true}]}}